{"id":296,"date":"2023-04-30T08:21:41","date_gmt":"2023-04-30T08:21:41","guid":{"rendered":"https:\/\/hologramatic.org\/?page_id=296"},"modified":"2023-12-31T11:51:15","modified_gmt":"2023-12-31T11:51:15","slug":"politica-de-privacidad","status":"publish","type":"page","link":"https:\/\/hologramatic.org\/ca\/politica-de-privacidad\/","title":{"rendered":"Pol\u00edtica de privacidad"},"content":{"rendered":"<div data-elementor-type=\"wp-page\" data-elementor-id=\"296\" class=\"elementor elementor-296\">\n\t\t\t\t\t\t<section class=\"elementor-section elementor-top-section elementor-element elementor-element-78e215f elementor-section-boxed elementor-section-height-default elementor-section-height-default\" data-id=\"78e215f\" data-element_type=\"section\">\n\t\t\t\t\t\t<div class=\"elementor-container elementor-column-gap-default\">\n\t\t\t\t\t<div class=\"elementor-column elementor-col-100 elementor-top-column elementor-element elementor-element-22949a5\" data-id=\"22949a5\" data-element_type=\"column\">\n\t\t\t<div class=\"elementor-widget-wrap elementor-element-populated\">\n\t\t\t\t\t\t<div class=\"elementor-element elementor-element-a1bfaa1 elementor-widget elementor-widget-text-editor\" data-id=\"a1bfaa1\" data-element_type=\"widget\" data-widget_type=\"text-editor.default\">\n\t\t\t\t<div class=\"elementor-widget-container\">\n\t\t\t\t\t\t\t<h3>INTRODUCCI\u00d3<\/h3>\n<p>A Hologramatic, sensibilitzats amb les necessitats dels usuaris d\u2019Internet i conscients de la import\u00e0ncia de la rigorosa privacitat de la informaci\u00f3 personal que ens confien, incloem aquesta declaraci\u00f3 de privacitat amb l\u2019objecte del fet que siguis conscient de la pol\u00edtica en el tractament de les dades personals que s\u2019obtenen dels visitants i usuaris..<\/p><p>Com usuari, acceptes aquestes condicions pel sol fet de llegir, visualitzar o navegar en la web. Si no ho acceptes, has d\u2019abandonar la web, sense fer \u00fas d\u2019ella ni del seu contingut, i sense accedir a les p\u00e0gines enlla\u00e7ades.<\/p>\n<h3 id='responsable'>RESPONSABLE DEL TRACTAMENT DE DADES<\/h3>\n<p>El titular de la web i responsable del tractament de dades \u00e9s Hologramatic Method of Consciousness, amb DNI 44999826G, per contactar pots emprar l&#8217;adre\u00e7a de correu electr\u00f2nic <a href=\"mailto:in&#102;&#111;&#64;&#104;&#111;&#108;og&#114;am&#97;ti&#99;.org\">in&#102;&#111;&#64;hologr&#97;m&#97;&#116;&#105;&#99;.&#111;r&#103;<\/a>, el tel\u00e9fon 0034676362890 o correu postal a Garcilaso, 49, codi postal 08201 Sabadell, Barcelona.<\/p>\n<h3 id='finalidad'>FINALITAT DEL TRACTAMENT DE DADES<\/h3>\n<p>En la nostra web, existeixen apartats espec\u00edfics on pots anotar les teves dades per rebre informaci\u00f3 sobre actualitzacions de la nostra web i d\u2019alguns programes que es distribueixen. Nosaltres t\u2019assegurem que la informaci\u00f3 que ens facilitis ser\u00e0 gestionada de manera confidencial.<\/p><p>Les dades s&#8217;emmagatzemaran mentre existeixi previsi\u00f3 del seu \u00fas per a la fi per al qual van ser recollides..<\/p><p>No es fan preses de decisions automatitzades amb les teves dades.<\/p><p>La web pot utilitzar cookies, consulta la nostra <a href=\"https:\/\/hologramatic.org\/ca\/cookies\/\">pol\u00edtica de cookies<\/a>.<\/p>\n<h3 id='legitimacion'>LEGITIMACI\u00d3 DEL TRACTAMENT DE DADES<\/h3>\n<p>L&#8217;\u00fas de les teves dades s\u2019efectua perqu\u00e8 ens d\u00f3nes el teu consentiment per utilitzar les que ens proporciones en els formularis per un \u00fas espec\u00edfic que s&#8217;indica en cadascun d&#8217;ells. Totes les teves dades nom\u00e9s s\u00f3n necess\u00e0ries per a usos concrets pels quals se&#8217;t  sol\u00b7liciten, si no ho fas, aquests serveis no s\u00f3n possibles.<\/p>\n<h3 id='transferencia'>TRANSFER\u00c8NCIES I CESSIONS DE DADES<\/h3>\n<p>Existeix un comprom\u00eds ferm per part nostre que les dades que proporcionis a Hologramatic, no seran venudes ni cedides a terceres persones sense el teu previ consentiment, per a cap concepte o circumst\u00e0ncia, excepte consentiment expr\u00e9s o obligaci\u00f3 legal.<\/p><p>La nostra web cont\u00e9 enlla\u00e7os cap a altres webs de tercers. Hologramatic no es fa responsable per les pol\u00edtiques i pr\u00e0ctiques de privacitat d&#8217;aquestes altres webs.<\/p>\n<h3 id='derechos'>DRETS DELS INTERESSATS<\/h3>\n<p>Tens dret a accedir a la informaci\u00f3 que sobre la teva persona estigui emmagatzemada en les nostres bases de dades, rectificar-la en cas d\u2019errada, suprimir-la, limitar-la oposar-te al seu tractament i retirar-ne el consentiment si aquest \u00e9s el teu desig. Per fer-ho nom\u00e9s has d\u2019escriure un e-mail a l\u2019adre\u00e7a de correu electr\u00f2nic: <a href=\"mailto:i&#110;&#102;&#111;@&#104;ol&#111;gra&#109;atic.o&#114;g\">inf&#111;&#64;&#104;&#111;&#108;&#111;g&#114;a&#109;a&#116;&#105;&#99;&#46;&#111;&#114;&#103;<\/a> don et contestarem qualsevol consulta, comentari, aclariment que ens facis al respecte.<\/p><p>Per a m\u00e9s informaci\u00f3 sobre temes relacionats, la web de refer\u00e8ncia de la Xarxa espanyola \u00e9s l\u2019<a href=\"https:\/\/www.agpd.es\/\">Agencia de Protecci\u00f3n de Datos<\/a>, on tens dret a reclamar.<\/p>\n\t\t\t\t\t\t<\/div>\n\t\t\t\t<\/div>\n\t\t\t\t\t<\/div>\n\t\t<\/div>\n\t\t\t\t\t<\/div>\n\t\t<\/section>\n\t\t\t\t<\/div>","protected":false},"excerpt":{"rendered":"","protected":false},"author":1,"featured_media":0,"parent":0,"menu_order":0,"comment_status":"closed","ping_status":"closed","template":"page-templates\/template-pagebuilder-full-width.php","meta":{"_monsterinsights_skip_tracking":false,"_monsterinsights_sitenote_active":false,"_monsterinsights_sitenote_note":"","_monsterinsights_sitenote_category":0,"footnotes":""},"class_list":["post-296","page","type-page","status-publish","hentry"],"yoast_head":"<!-- This site is optimized with the Yoast SEO plugin v23.6 - https:\/\/yoast.com\/wordpress\/plugins\/seo\/ -->\n<title>Pol\u00edtica de privacidad - Hologramatic<\/title>\n<meta name=\"robots\" content=\"noindex, nofollow\" \/>\n<meta property=\"og:locale\" content=\"ca_ES\" \/>\n<meta property=\"og:type\" content=\"article\" \/>\n<meta property=\"og:title\" content=\"Pol\u00edtica de privacidad - Hologramatic\" \/>\n<meta property=\"og:url\" content=\"https:\/\/hologramatic.org\/ca\/politica-de-privacidad\/\" \/>\n<meta property=\"og:site_name\" content=\"Hologramatic\" \/>\n<meta property=\"article:publisher\" content=\"https:\/\/www.facebook.com\/hologramatic.method\/\" \/>\n<meta property=\"article:modified_time\" content=\"2023-12-31T11:51:15+00:00\" \/>\n<meta name=\"twitter:card\" content=\"summary_large_image\" \/>\n<meta name=\"twitter:label1\" content=\"Temps estimat de lectura\" \/>\n\t<meta name=\"twitter:data1\" content=\"1 minut\" \/>\n<script type=\"application\/ld+json\" class=\"yoast-schema-graph\">{\"@context\":\"https:\/\/schema.org\",\"@graph\":[{\"@type\":\"WebPage\",\"@id\":\"https:\/\/hologramatic.org\/politica-de-privacidad\/\",\"url\":\"https:\/\/hologramatic.org\/politica-de-privacidad\/\",\"name\":\"Pol\u00edtica de privacidad - Hologramatic\",\"isPartOf\":{\"@id\":\"https:\/\/hologramatic.org\/#website\"},\"datePublished\":\"2023-04-30T08:21:41+00:00\",\"dateModified\":\"2023-12-31T11:51:15+00:00\",\"breadcrumb\":{\"@id\":\"https:\/\/hologramatic.org\/politica-de-privacidad\/#breadcrumb\"},\"inLanguage\":\"ca\",\"potentialAction\":[{\"@type\":\"ReadAction\",\"target\":[\"https:\/\/hologramatic.org\/politica-de-privacidad\/\"]}]},{\"@type\":\"BreadcrumbList\",\"@id\":\"https:\/\/hologramatic.org\/politica-de-privacidad\/#breadcrumb\",\"itemListElement\":[{\"@type\":\"ListItem\",\"position\":1,\"name\":\"Portada\",\"item\":\"https:\/\/hologramatic.org\/\"},{\"@type\":\"ListItem\",\"position\":2,\"name\":\"Pol\u00edtica de privacidad\"}]},{\"@type\":\"WebSite\",\"@id\":\"https:\/\/hologramatic.org\/#website\",\"url\":\"https:\/\/hologramatic.org\/\",\"name\":\"Hologramatic\",\"description\":\"M\u00e9todo Hologram\u00e1tico\",\"publisher\":{\"@id\":\"https:\/\/hologramatic.org\/#organization\"},\"alternateName\":\"Vive el bienestar integrativo\",\"potentialAction\":[{\"@type\":\"SearchAction\",\"target\":{\"@type\":\"EntryPoint\",\"urlTemplate\":\"https:\/\/hologramatic.org\/?s={search_term_string}\"},\"query-input\":{\"@type\":\"PropertyValueSpecification\",\"valueRequired\":true,\"valueName\":\"search_term_string\"}}],\"inLanguage\":\"ca\"},{\"@type\":\"Organization\",\"@id\":\"https:\/\/hologramatic.org\/#organization\",\"name\":\"Hologramatic Method of Consciousness\",\"alternateName\":\"Vive el bienestar integrativo\",\"url\":\"https:\/\/hologramatic.org\/\",\"logo\":{\"@type\":\"ImageObject\",\"inLanguage\":\"ca\",\"@id\":\"https:\/\/hologramatic.org\/#\/schema\/logo\/image\/\",\"url\":\"https:\/\/i0.wp.com\/hologramatic.org\/wp-content\/uploads\/2023\/01\/hologramatic-logo-blu_.png?fit=300%2C64&ssl=1\",\"contentUrl\":\"https:\/\/i0.wp.com\/hologramatic.org\/wp-content\/uploads\/2023\/01\/hologramatic-logo-blu_.png?fit=300%2C64&ssl=1\",\"width\":300,\"height\":64,\"caption\":\"Hologramatic Method of Consciousness\"},\"image\":{\"@id\":\"https:\/\/hologramatic.org\/#\/schema\/logo\/image\/\"},\"sameAs\":[\"https:\/\/www.facebook.com\/hologramatic.method\/\",\"https:\/\/www.instagram.com\/hologramatic.method\/\"]}]}<\/script>\n<!-- \/ Yoast SEO plugin. -->","yoast_head_json":{"title":"Pol\u00edtica de privacidad - Hologramatic","robots":{"index":"noindex","follow":"nofollow"},"og_locale":"ca_ES","og_type":"article","og_title":"Pol\u00edtica de privacidad - Hologramatic","og_url":"https:\/\/hologramatic.org\/ca\/politica-de-privacidad\/","og_site_name":"Hologramatic","article_publisher":"https:\/\/www.facebook.com\/hologramatic.method\/","article_modified_time":"2023-12-31T11:51:15+00:00","twitter_card":"summary_large_image","twitter_misc":{"Temps estimat de lectura":"1 minut"},"schema":{"@context":"https:\/\/schema.org","@graph":[{"@type":"WebPage","@id":"https:\/\/hologramatic.org\/politica-de-privacidad\/","url":"https:\/\/hologramatic.org\/politica-de-privacidad\/","name":"Pol\u00edtica de privacidad - Hologramatic","isPartOf":{"@id":"https:\/\/hologramatic.org\/#website"},"datePublished":"2023-04-30T08:21:41+00:00","dateModified":"2023-12-31T11:51:15+00:00","breadcrumb":{"@id":"https:\/\/hologramatic.org\/politica-de-privacidad\/#breadcrumb"},"inLanguage":"ca","potentialAction":[{"@type":"ReadAction","target":["https:\/\/hologramatic.org\/politica-de-privacidad\/"]}]},{"@type":"BreadcrumbList","@id":"https:\/\/hologramatic.org\/politica-de-privacidad\/#breadcrumb","itemListElement":[{"@type":"ListItem","position":1,"name":"Portada","item":"https:\/\/hologramatic.org\/"},{"@type":"ListItem","position":2,"name":"Pol\u00edtica de privacidad"}]},{"@type":"WebSite","@id":"https:\/\/hologramatic.org\/#website","url":"https:\/\/hologramatic.org\/","name":"Hologramatic","description":"M\u00e9todo Hologram\u00e1tico","publisher":{"@id":"https:\/\/hologramatic.org\/#organization"},"alternateName":"Vive el bienestar integrativo","potentialAction":[{"@type":"SearchAction","target":{"@type":"EntryPoint","urlTemplate":"https:\/\/hologramatic.org\/?s={search_term_string}"},"query-input":{"@type":"PropertyValueSpecification","valueRequired":true,"valueName":"search_term_string"}}],"inLanguage":"ca"},{"@type":"Organization","@id":"https:\/\/hologramatic.org\/#organization","name":"Hologramatic Method of Consciousness","alternateName":"Vive el bienestar integrativo","url":"https:\/\/hologramatic.org\/","logo":{"@type":"ImageObject","inLanguage":"ca","@id":"https:\/\/hologramatic.org\/#\/schema\/logo\/image\/","url":"https:\/\/i0.wp.com\/hologramatic.org\/wp-content\/uploads\/2023\/01\/hologramatic-logo-blu_.png?fit=300%2C64&ssl=1","contentUrl":"https:\/\/i0.wp.com\/hologramatic.org\/wp-content\/uploads\/2023\/01\/hologramatic-logo-blu_.png?fit=300%2C64&ssl=1","width":300,"height":64,"caption":"Hologramatic Method of Consciousness"},"image":{"@id":"https:\/\/hologramatic.org\/#\/schema\/logo\/image\/"},"sameAs":["https:\/\/www.facebook.com\/hologramatic.method\/","https:\/\/www.instagram.com\/hologramatic.method\/"]}]}},"jetpack_sharing_enabled":true,"_links":{"self":[{"href":"https:\/\/hologramatic.org\/ca\/wp-json\/wp\/v2\/pages\/296"}],"collection":[{"href":"https:\/\/hologramatic.org\/ca\/wp-json\/wp\/v2\/pages"}],"about":[{"href":"https:\/\/hologramatic.org\/ca\/wp-json\/wp\/v2\/types\/page"}],"author":[{"embeddable":true,"href":"https:\/\/hologramatic.org\/ca\/wp-json\/wp\/v2\/users\/1"}],"replies":[{"embeddable":true,"href":"https:\/\/hologramatic.org\/ca\/wp-json\/wp\/v2\/comments?post=296"}],"version-history":[{"count":0,"href":"https:\/\/hologramatic.org\/ca\/wp-json\/wp\/v2\/pages\/296\/revisions"}],"wp:attachment":[{"href":"https:\/\/hologramatic.org\/ca\/wp-json\/wp\/v2\/media?parent=296"}],"curies":[{"name":"wp","href":"https:\/\/api.w.org\/{rel}","templated":true}]}}